{"id":16,"date":"2017-05-24T12:58:35","date_gmt":"2017-05-24T11:58:35","guid":{"rendered":"http:\/\/www.maresbroker.com\/politica-de-cookies\/"},"modified":"2020-05-27T12:23:58","modified_gmt":"2020-05-27T11:23:58","slug":"politica-de-cookies","status":"publish","type":"page","link":"https:\/\/www.maresbroker.com\/ca\/politica-de-cookies\/","title":{"rendered":"Pol\u00edtica de cookies"},"content":{"rendered":"<p>D\u2019acord amb el que estableix la Llei 34\/2002, del 11 de juliol, de Servicios de la Sociedad de la Informaci\u00f3n y de Comercio Electr\u00f3nico y el Real Decreto 13\/2012, s\u2019informa que MARESBROKER CORREDORIA D\u2019ASSEGURANCES SL SOCIETAT VINCULADA A FIATC MUTUA D&#8217;ASSEGURANCES I REASSEGURANCES utilitza cookies.<\/p>\n<p><u>Definici\u00f3 de cookie<\/u><\/p>\n<p>Una cookie \u00e9s un dispositiu que es descarrega en el seu equip per a emmagatzemar informaci\u00f3. Utilitzar cookies ens permet millorar l&#8217;experi\u00e8ncia de l&#8217;usuari en navegar, recuperar les seves prefer\u00e8ncies i mostrar-nos informaci\u00f3 estad\u00edstica sobre la navegaci\u00f3 i p\u00e0gines visitades.<\/p>\n<p><u>Tipus de cookies<\/u><\/p>\n<p>Podem classificar les cookies en les seg\u00fcents categories:<\/p>\n<p>En funci\u00f3 de la finalitat:<\/p>\n<p>Una <strong>cookie t\u00e8cnica<\/strong>, \u00e9s aquella estrictament necess\u00e0ria per al correcte funcionament d&#8217;aquesta p\u00e0gina web, que l&#8217;usuari podr\u00e0 deshabilitar en el seu cas, a trav\u00e9s del seu navegador.<\/p>\n<p>Les <strong>cookies publicit\u00e0ries<\/strong> s\u00f3n aquelles que permeten, de manera an\u00f2nima, adequar el contingut de la publicitat perqu\u00e8 aquesta sigui rellevant per a l&#8217;usuari i per evitar mostrar anuncis que l&#8217;usuari ja hagi vist.<\/p>\n<p>Les <strong>cookies funcionals<\/strong> amb les quals ens permeten, de manera an\u00f2nima, analitzar i mesurar l&#8217;\u00fas d&#8217;aquesta p\u00e0gina web, de cara a millorar les seves funcionalitats de portada, idioma i serveis disponibles en aquesta web.<\/p>\n<p>En funci\u00f3 de qui els gestioni:<\/p>\n<p>Les <strong>cookies pr\u00f2pies<\/strong> s\u00f3n aquelles que s&#8217;envien al terminal des d&#8217;un lloc web gestionat pel propi editor i des del qual es presta el servei.<\/p>\n<p>Les <strong>cookies de tercer<\/strong> s\u00f3n aquelles que s&#8217;envien a l&#8217;equip terminal de l&#8217;usuari des d&#8217;un equip o domini que no \u00e9s gestionat per l&#8217;editor, sin\u00f3 per una altra entitat que tracta les dades obtingudes trav\u00e9s de les cookies<\/p>\n<p>En funci\u00f3 del termini que romanen activitats:<\/p>\n<p>Les <strong>cookies de sessi\u00f3<\/strong> s\u00f3n aquelles dissenyades per a recaptar i emmagatzemar dades mentre l&#8217;usuari accedeix a una p\u00e0gina web. Se solen emprar per a emmagatzemar informaci\u00f3 que nom\u00e9s interessa conservar per a la prestaci\u00f3 del servei sol\u00b7licitat per l&#8217;usuari en una sola ocasi\u00f3 (per exemple, una llista de productes adquirits) i desapareixen en acabar la sessi\u00f3.<\/p>\n<p>Les <strong>cookies persistents<\/strong> s\u00f3n aquelles en les quals les dades segueixen emmagatzemats en el terminal i poden ser accedits i tractats durant un per\u00edode definit pel responsable de la cookie, i que pot anar d&#8217;uns minuts a diversos anys.<\/p>\n<p>Google Analytics<\/p>\n<p>La nostra p\u00e0gina web utilitza Google Analytics per a analitzar i optimitzar la funcionalitat de les nostres p\u00e0gines. Google Analytics \u00e9s un servei anal\u00edtic de web prestat per Google, Inc.,<\/p>\n<p>Google Analytics utilitza &#8220;cookies&#8221;, per ajudar el website a analitzar l&#8217;\u00fas que fan els usuaris del lloc web. La informaci\u00f3 que genera la cookie sobre el seu \u00fas del website (incloent la seva adre\u00e7a IP) ser\u00e0 directament transmesa i arxivada per Google en els servidors dels Estats Units.<\/p>\n<p>Google usar\u00e0 aquesta informaci\u00f3 per compte nostre amb el prop\u00f2sit de seguir la pista del seu \u00fas del website, recopilant informes de l&#8217;activitat del website i prestant altres serveis relacionats amb l&#8217;activitat del website i l&#8217;\u00fas d&#8217;Internet. Google podr\u00e0 transmetre aquesta informaci\u00f3 a tercers quan aix\u00ed li ho requereixi la legislaci\u00f3, o quan dits tercers processin la informaci\u00f3 per compte de Google. Google no associar\u00e0 la seva adre\u00e7a IP amb cap altra dada del qual disposi Google.<\/p>\n<p><u>Consentiment <\/u><\/p>\n<p>Per a utilitzar les cookies en la seva terminal necessitem que presti el seu consentiment expr\u00e9s. Aquest consentiment no \u00e9s necessari quan les cookies que utilitzem tinguin la categoria de \u201ccookies t\u00e8cniques\u201d ja que s\u00f3n necess\u00e0ries per al funcionament de la p\u00e0gina web. Si ens d\u00f3na el seu consentiment, podrem utilitzar les cookies publicit\u00e0ries i les cookies funcionals.<\/p>\n<p>Si us plau, si tingu\u00e9s algun dubte o consulta sobre la nostra Pol\u00edtica de Cookies, escrigui a: <a href=\"mailto:dpd@fiatc.es\">dpd@fiatc.es<\/a><\/p>\n<p><u>Configuraci\u00f3 del navegador<\/u><\/p>\n<p>L\u2019usuari que ho desitgi, t\u00e9 l\u2019opci\u00f3 d\u2019impedir la generaci\u00f3 d\u2019aquestes cookies, accedint a les opcions de configuraci\u00f3 del navegador que estigui utilitzant:<\/p>\n<p><strong>Google Chrome (al Men\u00fa Eines)<\/strong><\/p>\n<p>Configuraci\u00f3 &gt; Mostrar opcions avan\u00e7ades &gt; Privacitat (Configuraci\u00f3 de Contingut) &gt; Cookies<\/p>\n<p>M\u00e9s informaci\u00f3: <a href=\"https:\/\/support.google.com\/chrome\/answer\/95647?hl=es\">https:\/\/support.google.com\/chrome\/answer\/95647?hl=es<\/a><\/p>\n<p><strong>Microsoft Internet Explorer (al Men\u00fa Eines)<\/strong><\/p>\n<p>Opcions d\u2019Internet &gt; Privacitat &gt; Avan\u00e7ada<\/p>\n<p>M\u00e9s informaci\u00f3: <a href=\"http:\/\/windows.microsoft.com\/es-es\/internet-explorer\/delete-manage-cookies#ie=ie-11\">http:\/\/windows.microsoft.com\/es-es\/internet-explorer\/delete-manage-cookies#ie=ie-11<\/a><\/p>\n<p><strong>Firefox<\/strong><\/p>\n<p>Opcions &gt; Privacitat &gt; Cookies<\/p>\n<p>M\u00e9s informaci\u00f3: <a href=\"http:\/\/support.mozilla.org\/es\/kb\/habilitar-y-deshabilitar-cookies-que-los-sitios-we\">http:\/\/support.mozilla.org\/es\/kb\/habilitar-y-deshabilitar-cookies-que-los-sitios-we<\/a><\/p>\n<p><strong>Safari<\/strong><\/p>\n<p>Prefer\u00e8ncies &gt; Privacitat<\/p>\n<p>M\u00e9s informaci\u00f3: <a href=\"https:\/\/support.apple.com\/kb\/PH19214?locale=es_ES\">https:\/\/support.apple.com\/kb\/PH19214?locale=es_ES<\/a><\/p>\n<p><strong>Safari IOS (iPad y iPhone)<\/strong><\/p>\n<p>Ajustos &gt; Safari<\/p>\n<p>M\u00e9s informaci\u00f3: <a href=\"https:\/\/support.apple.com\/es-es\/HT201265\">https:\/\/support.apple.com\/es-es\/HT201265<\/a><\/p>\n<p><strong>Opera<\/strong><\/p>\n<p>Configuraci\u00f3 &gt; Opcions &gt; Avan\u00e7at &gt; Cookies<\/p>\n<p>M\u00e9s informaci\u00f3: <a href=\"http:\/\/help.opera.com\/Linux\/10.60\/es-ES\/cookies.html\">http:\/\/help.opera.com\/Linux\/10.60\/es-ES\/cookies.html<\/a><\/p>\n","protected":false},"excerpt":{"rendered":"<p>D\u2019acord amb el que estableix la Llei 34\/2002, del 11 de juliol, de Servicios de la Sociedad de la Informaci\u00f3n y de Comercio Electr\u00f3nico y el Real Decreto 13\/2012, s\u2019informa que MARESBROKER CORREDORIA D\u2019ASSEGURANCES SL SOCIETAT VINCULADA A FIATC MUTUA D&#8217;ASSEGURANCES I REASSEGURANCES utilitza cookies. Definici\u00f3 de cookie Una cookie \u00e9s un dispositiu que es [&hellip;]<\/p>\n","protected":false},"author":1,"featured_media":0,"parent":0,"menu_order":0,"comment_status":"closed","ping_status":"closed","template":"","meta":{"footnotes":""},"class_list":["post-16","page","type-page","status-publish","hentry"],"yoast_head":"<!-- This site is optimized with the Yoast SEO plugin v27.3 - https:\/\/yoast.com\/product\/yoast-seo-wordpress\/ -->\n<title>Pol\u00edtica de cookies - Maresbroker<\/title>\n<meta name=\"robots\" content=\"index, follow, max-snippet:-1, max-image-preview:large, max-video-preview:-1\" \/>\n<link rel=\"canonical\" href=\"https:\/\/www.maresbroker.com\/ca\/politica-de-cookies\/\" \/>\n<meta property=\"og:locale\" content=\"ca_ES\" \/>\n<meta property=\"og:type\" content=\"article\" \/>\n<meta property=\"og:title\" content=\"Pol\u00edtica de cookies - Maresbroker\" \/>\n<meta property=\"og:description\" content=\"D\u2019acord amb el que estableix la Llei 34\/2002, del 11 de juliol, de Servicios de la Sociedad de la Informaci\u00f3n y de Comercio Electr\u00f3nico y el Real Decreto 13\/2012, s\u2019informa que MARESBROKER CORREDORIA D\u2019ASSEGURANCES SL SOCIETAT VINCULADA A FIATC MUTUA D&#8217;ASSEGURANCES I REASSEGURANCES utilitza cookies. Definici\u00f3 de cookie Una cookie \u00e9s un dispositiu que es [&hellip;]\" \/>\n<meta property=\"og:url\" content=\"https:\/\/www.maresbroker.com\/ca\/politica-de-cookies\/\" \/>\n<meta property=\"og:site_name\" content=\"Maresbroker\" \/>\n<meta property=\"article:modified_time\" content=\"2020-05-27T11:23:58+00:00\" \/>\n<meta name=\"twitter:card\" content=\"summary_large_image\" \/>\n<meta name=\"twitter:label1\" content=\"Temps estimat de lectura\" \/>\n\t<meta name=\"twitter:data1\" content=\"4 minuts\" \/>\n<script type=\"application\/ld+json\" class=\"yoast-schema-graph\">{\"@context\":\"https:\\\/\\\/schema.org\",\"@graph\":[{\"@type\":\"WebPage\",\"@id\":\"https:\\\/\\\/www.maresbroker.com\\\/ca\\\/politica-de-cookies\\\/\",\"url\":\"https:\\\/\\\/www.maresbroker.com\\\/ca\\\/politica-de-cookies\\\/\",\"name\":\"Pol\u00edtica de cookies - Maresbroker\",\"isPartOf\":{\"@id\":\"https:\\\/\\\/www.maresbroker.com\\\/ca\\\/#website\"},\"datePublished\":\"2017-05-24T11:58:35+00:00\",\"dateModified\":\"2020-05-27T11:23:58+00:00\",\"breadcrumb\":{\"@id\":\"https:\\\/\\\/www.maresbroker.com\\\/ca\\\/politica-de-cookies\\\/#breadcrumb\"},\"inLanguage\":\"ca\",\"potentialAction\":[{\"@type\":\"ReadAction\",\"target\":[\"https:\\\/\\\/www.maresbroker.com\\\/ca\\\/politica-de-cookies\\\/\"]}]},{\"@type\":\"BreadcrumbList\",\"@id\":\"https:\\\/\\\/www.maresbroker.com\\\/ca\\\/politica-de-cookies\\\/#breadcrumb\",\"itemListElement\":[{\"@type\":\"ListItem\",\"position\":1,\"name\":\"Portada\",\"item\":\"https:\\\/\\\/www.maresbroker.com\\\/ca\\\/inici\\\/\"},{\"@type\":\"ListItem\",\"position\":2,\"name\":\"Pol\u00edtica de cookies\"}]},{\"@type\":\"WebSite\",\"@id\":\"https:\\\/\\\/www.maresbroker.com\\\/ca\\\/#website\",\"url\":\"https:\\\/\\\/www.maresbroker.com\\\/ca\\\/\",\"name\":\"Maresbroker\",\"description\":\"\",\"potentialAction\":[{\"@type\":\"SearchAction\",\"target\":{\"@type\":\"EntryPoint\",\"urlTemplate\":\"https:\\\/\\\/www.maresbroker.com\\\/ca\\\/?s={search_term_string}\"},\"query-input\":{\"@type\":\"PropertyValueSpecification\",\"valueRequired\":true,\"valueName\":\"search_term_string\"}}],\"inLanguage\":\"ca\"}]}<\/script>\n<!-- \/ Yoast SEO plugin. -->","yoast_head_json":{"title":"Pol\u00edtica de cookies - Maresbroker","robots":{"index":"index","follow":"follow","max-snippet":"max-snippet:-1","max-image-preview":"max-image-preview:large","max-video-preview":"max-video-preview:-1"},"canonical":"https:\/\/www.maresbroker.com\/ca\/politica-de-cookies\/","og_locale":"ca_ES","og_type":"article","og_title":"Pol\u00edtica de cookies - Maresbroker","og_description":"D\u2019acord amb el que estableix la Llei 34\/2002, del 11 de juliol, de Servicios de la Sociedad de la Informaci\u00f3n y de Comercio Electr\u00f3nico y el Real Decreto 13\/2012, s\u2019informa que MARESBROKER CORREDORIA D\u2019ASSEGURANCES SL SOCIETAT VINCULADA A FIATC MUTUA D&#8217;ASSEGURANCES I REASSEGURANCES utilitza cookies. Definici\u00f3 de cookie Una cookie \u00e9s un dispositiu que es [&hellip;]","og_url":"https:\/\/www.maresbroker.com\/ca\/politica-de-cookies\/","og_site_name":"Maresbroker","article_modified_time":"2020-05-27T11:23:58+00:00","twitter_card":"summary_large_image","twitter_misc":{"Temps estimat de lectura":"4 minuts"},"schema":{"@context":"https:\/\/schema.org","@graph":[{"@type":"WebPage","@id":"https:\/\/www.maresbroker.com\/ca\/politica-de-cookies\/","url":"https:\/\/www.maresbroker.com\/ca\/politica-de-cookies\/","name":"Pol\u00edtica de cookies - Maresbroker","isPartOf":{"@id":"https:\/\/www.maresbroker.com\/ca\/#website"},"datePublished":"2017-05-24T11:58:35+00:00","dateModified":"2020-05-27T11:23:58+00:00","breadcrumb":{"@id":"https:\/\/www.maresbroker.com\/ca\/politica-de-cookies\/#breadcrumb"},"inLanguage":"ca","potentialAction":[{"@type":"ReadAction","target":["https:\/\/www.maresbroker.com\/ca\/politica-de-cookies\/"]}]},{"@type":"BreadcrumbList","@id":"https:\/\/www.maresbroker.com\/ca\/politica-de-cookies\/#breadcrumb","itemListElement":[{"@type":"ListItem","position":1,"name":"Portada","item":"https:\/\/www.maresbroker.com\/ca\/inici\/"},{"@type":"ListItem","position":2,"name":"Pol\u00edtica de cookies"}]},{"@type":"WebSite","@id":"https:\/\/www.maresbroker.com\/ca\/#website","url":"https:\/\/www.maresbroker.com\/ca\/","name":"Maresbroker","description":"","potentialAction":[{"@type":"SearchAction","target":{"@type":"EntryPoint","urlTemplate":"https:\/\/www.maresbroker.com\/ca\/?s={search_term_string}"},"query-input":{"@type":"PropertyValueSpecification","valueRequired":true,"valueName":"search_term_string"}}],"inLanguage":"ca"}]}},"_links":{"self":[{"href":"https:\/\/www.maresbroker.com\/ca\/wp-json\/wp\/v2\/pages\/16","targetHints":{"allow":["GET"]}}],"collection":[{"href":"https:\/\/www.maresbroker.com\/ca\/wp-json\/wp\/v2\/pages"}],"about":[{"href":"https:\/\/www.maresbroker.com\/ca\/wp-json\/wp\/v2\/types\/page"}],"author":[{"embeddable":true,"href":"https:\/\/www.maresbroker.com\/ca\/wp-json\/wp\/v2\/users\/1"}],"replies":[{"embeddable":true,"href":"https:\/\/www.maresbroker.com\/ca\/wp-json\/wp\/v2\/comments?post=16"}],"version-history":[{"count":0,"href":"https:\/\/www.maresbroker.com\/ca\/wp-json\/wp\/v2\/pages\/16\/revisions"}],"wp:attachment":[{"href":"https:\/\/www.maresbroker.com\/ca\/wp-json\/wp\/v2\/media?parent=16"}],"curies":[{"name":"wp","href":"https:\/\/api.w.org\/{rel}","templated":true}]}}