{"id":20735,"date":"2020-05-26T20:45:21","date_gmt":"2020-05-26T19:45:21","guid":{"rendered":"http:\/\/www.maresbroker.com\/?page_id=20735"},"modified":"2022-01-12T20:41:56","modified_gmt":"2022-01-12T19:41:56","slug":"politica-de-privacitat","status":"publish","type":"page","link":"https:\/\/www.maresbroker.com\/ca\/politica-de-privacitat\/","title":{"rendered":"Pol\u00edtica de privacitat"},"content":{"rendered":"\n<style type=\"text\/css\" data-created_by=\"avia_inline_auto\" id=\"style-css-av-1cvis2n-2020ad5325aa3f5c312e0fb4c192b07f\">\n.flex_column.av-1cvis2n-2020ad5325aa3f5c312e0fb4c192b07f{\nborder-radius:0px 0px 0px 0px;\npadding:0px 0px 0px 0px;\n}\n<\/style>\n<div  class='flex_column av-1cvis2n-2020ad5325aa3f5c312e0fb4c192b07f av_one_full  avia-builder-el-0  avia-builder-el-no-sibling  first flex_column_div av-zero-column-padding  '     ><section  class='av_textblock_section av-ri00ov-8692fa048d79d2a4a79693c5e526829f '   itemscope=\"itemscope\" itemtype=\"https:\/\/schema.org\/CreativeWork\" ><div class='avia_textblock'  itemprop=\"text\" ><p>En aquesta secci\u00f3 s&#8217;exposa la pol\u00edtica de privacitat desenvolupada per MARESBROKER CORREDORIA D\u2019ASSEGURANCES SL SOCIETAT VINCULADA A FIATC M\u00daTUA D&#8217;ASSEGURANCES I REASSEGURANCES (en endavant MARESBROKER), per tal de protegir la informaci\u00f3 de car\u00e0cter personal que ens pugueu facilitar quan visiteu aquest web.<\/p>\n<p>D&#8217;acord amb el r\u00e8gim legal vigent en mat\u00e8ria de protecci\u00f3 de dades de car\u00e0cter personal, MARESBROKER informa que totes les dades que l\u2019usuari faciliti quan visiti aquesta p\u00e0gina s\u2019incorporaran als fitxers de tractament que s\u00f3n responsabilitat de MARESBROKER d&#8217;acord amb les finalitats expressades en el moment de la recollida en aquest web, de conformitat amb la normativa vigent.<\/p>\n<p>Els processos de tractament es realitzaran sempre amb el m\u00e9s profund respecte per la vostra confidencialitat i observant en tot moment les prescripcions i mesures de seguretat exigibles per la legislaci\u00f3 aplicable, en particular mantenir la informaci\u00f3 en secret i adoptar mesures de prevenci\u00f3 destinades a evitar-ne l\u2019alteraci\u00f3, la p\u00e8rdua, el tractament o l\u2019acc\u00e9s no autoritzat.<\/p>\n<p>Per a con\u00e8ixer la pol\u00edtica de MARESBROKER en relaci\u00f3 amb el tractament de galetes o <em>cookies<\/em>, entreu a <a href=\"http:\/\/www.maresbroker.com\/politica-de-cookies\/?lang=ca\">Pol\u00edtica de cookies.<\/a><\/p>\n<p>Us informem que podreu exercir els drets d&#8217;acc\u00e9s, rectificaci\u00f3, supressi\u00f3, portabilitat de les dades i limitaci\u00f3 o oposici\u00f3 enviant-nos una sol\u00b7licitud per escrit, a la qual haureu d&#8217;afegir una c\u00f2pia del vostre DNI, a una de les adreces seg\u00fcents:<\/p>\n<ul>\n<li>Ronda d&#8217;Alfons X el Savi, 70 &#8211; local 1, Matar\u00f3 (08301), Barcelona<\/li>\n<li><a href=\"mailto:info@maresbroker.com\">info@maresbroker.com<\/a><\/li>\n<\/ul>\n<h4><strong>INFORMACI\u00d3 ADDICIONAL<\/strong><\/h4>\n<table width=\"0\">\n<tbody>\n<tr>\n<td rowspan=\"2\" width=\"141\">Qui es responsabilitzar\u00e0 de les dades personals facilitades?<\/td>\n<td width=\"425\">MARESBROKER CORREDORIA D\u2019ASSEGURANCES SL SOCIETAT VINCULADA A FIATC M\u00daTUA D&#8217;ASSEGURANCES I REASSEGURANCES (en endavant MARESBROKER)<\/td>\n<\/tr>\n<tr>\n<td width=\"425\">Adre\u00e7a postal: Ronda d&#8217;Alfons X el Savi, 70 &#8211; local 1, Matar\u00f3 (08301), Barcelona<\/p>\n<p>Correu electr\u00f2nic: info@maresbroker.com<\/p>\n<p>Tel\u00e8fon: 937562516<\/td>\n<\/tr>\n<tr>\n<td rowspan=\"2\" width=\"141\">Per qu\u00e8 recollim dades personals?<\/td>\n<td width=\"425\">A MARESBROKER tractem les dades que ens faciliteu per dur a terme els nostres processos de comercialitzaci\u00f3 i distribuci\u00f3 de productes d&#8217;asseguran\u00e7a.<\/p>\n<p>D\u2019altra banda, tractarem les vostres dades amb finalitats anal\u00edtiques per poder adequar els nostres serveis a les vostres necessitats.<\/p>\n<p>Finalment, a MARESBROKER tractem la informaci\u00f3 que ens faciliteu amb una finalitat comercial relacionada amb els nostres productes i serveis. Aquesta activitat comercial es pot realitzar per qualsevol canal (correu postal, correu electr\u00f2nic o per via telef\u00f2nica).<\/td>\n<\/tr>\n<tr>\n<td width=\"425\">Les dades personals que ens proporcioneu es conservaran durant el termini legal establert per a la prescripci\u00f3 de responsabilitats i un cop finalitzada l&#8217;obligaci\u00f3 de cust\u00f2dia de la documentaci\u00f3.<\/td>\n<\/tr>\n<tr>\n<td rowspan=\"2\" width=\"141\">Podem tractar les dades personals que ens proporcioneu?<\/td>\n<td width=\"425\">Per a poder tractar les vostres dades personals, a MARESBROKER fem servir diferents bases legals, principalment el compliment de les obligacions contractuals i el consentiment.<\/td>\n<\/tr>\n<tr>\n<td width=\"425\">Les dades que sol\u00b7licitem s\u00f3n necess\u00e0ries per a poder identificar-vos, con\u00e8ixer les vostres caracter\u00edstiques personals i prestar el servei.<\/p>\n<p>D&#8217;altra banda, necessitem les vostres dades banc\u00e0ries per a procedir al cobrament dels serveis prestats.<\/p>\n<p>A m\u00e9s, necessitem con\u00e8ixer les vostres necessitats m\u00e8diques per a poder oferir els serveis assistencials.<\/td>\n<\/tr>\n<tr>\n<td rowspan=\"2\" width=\"141\">A qui comunicarem les dades personals que tractem?<\/td>\n<td width=\"425\">Les dades personals que ens proporcioneu no es cediran a tercers si no \u00e9s per obligaci\u00f3 legal.<\/p>\n<p>Per tal de prestar certs serveis comptem amb empreses externes que els ofereixen a MARESBROKER i que s\u2019encarreguen del tractament. Aquests encarregats del tractament estan establerts en territori de la Uni\u00f3 Europea.<\/td>\n<\/tr>\n<tr>\n<td width=\"425\">MARESBROKER no realitzar\u00e0 en cap cas transfer\u00e8ncies internacionals de les vostres dades.<\/td>\n<\/tr>\n<tr>\n<td rowspan=\"2\" width=\"141\">Quins drets teniu com a interessat?<\/td>\n<td width=\"425\">Teniu dret a accedir a les vostres dades personals i a sol\u00b7licitar-ne la rectificaci\u00f3 si s\u00f3n incorrectes. Tamb\u00e9 podeu oposar-vos al tractament d&#8217;aquestes dades o sol\u00b7licitar que siguin suprimides, si considereu que ja no s\u00f3n necess\u00e0ries per a la finalitat per a la qual van ser recollides.<\/p>\n<p>En determinades circumst\u00e0ncies, tamb\u00e9 teniu dret a sol\u00b7licitar la limitaci\u00f3 del tractament de les vostres dades, de manera que a MARESBROKER nom\u00e9s les conservarem per a l&#8217;exercici o la defensa de reclamacions.<\/p>\n<p>Finalment, podeu exigir que MARESBROKER, com a responsable del tractament, us lliuri les vostres dades personals en un format d&#8217;\u00fas com\u00fa i de lectura mec\u00e0nica per a transmetre-les a un altre responsable.<\/p>\n<p>Us informem que podreu exercir els drets d&#8217;acc\u00e9s, rectificaci\u00f3, supressi\u00f3, portabilitat de les dades i limitaci\u00f3 o oposici\u00f3 enviant-nos una sol\u00b7licitud per escrit, a la qual haureu d&#8217;afegir una c\u00f2pia del vostre DNI, a les adreces seg\u00fcents:<\/p>\n<p>Ronda d&#8217;Alfons X el Savi, 70 &#8211; local 1, Matar\u00f3 (08301), Barcelona<\/p>\n<p>Per a m\u00e9s informaci\u00f3 http:\/\/www.agpd.es\/portalwebAGPD\/CanalDelCiudadano\/index-ides-idphp.php<\/td>\n<\/tr>\n<\/tbody>\n<\/table>\n<\/div><\/section><\/div>\n","protected":false},"excerpt":{"rendered":"","protected":false},"author":1,"featured_media":0,"parent":0,"menu_order":0,"comment_status":"closed","ping_status":"closed","template":"","meta":{"footnotes":""},"class_list":["post-20735","page","type-page","status-publish","hentry"],"yoast_head":"<!-- This site is optimized with the Yoast SEO plugin v27.3 - https:\/\/yoast.com\/product\/yoast-seo-wordpress\/ -->\n<title>Pol\u00edtica de privacitat - Maresbroker<\/title>\n<meta name=\"robots\" content=\"index, follow, max-snippet:-1, max-image-preview:large, max-video-preview:-1\" \/>\n<link rel=\"canonical\" href=\"https:\/\/www.maresbroker.com\/ca\/politica-de-privacitat\/\" \/>\n<meta property=\"og:locale\" content=\"ca_ES\" \/>\n<meta property=\"og:type\" content=\"article\" \/>\n<meta property=\"og:title\" content=\"Pol\u00edtica de privacitat - Maresbroker\" \/>\n<meta property=\"og:url\" content=\"https:\/\/www.maresbroker.com\/ca\/politica-de-privacitat\/\" \/>\n<meta property=\"og:site_name\" content=\"Maresbroker\" \/>\n<meta property=\"article:modified_time\" content=\"2022-01-12T19:41:56+00:00\" \/>\n<meta name=\"twitter:card\" content=\"summary_large_image\" \/>\n<meta name=\"twitter:label1\" content=\"Temps estimat de lectura\" \/>\n\t<meta name=\"twitter:data1\" content=\"5 minuts\" \/>\n<script type=\"application\/ld+json\" class=\"yoast-schema-graph\">{\"@context\":\"https:\\\/\\\/schema.org\",\"@graph\":[{\"@type\":\"WebPage\",\"@id\":\"https:\\\/\\\/www.maresbroker.com\\\/ca\\\/politica-de-privacitat\\\/\",\"url\":\"https:\\\/\\\/www.maresbroker.com\\\/ca\\\/politica-de-privacitat\\\/\",\"name\":\"Pol\u00edtica de privacitat - Maresbroker\",\"isPartOf\":{\"@id\":\"https:\\\/\\\/www.maresbroker.com\\\/ca\\\/#website\"},\"datePublished\":\"2020-05-26T19:45:21+00:00\",\"dateModified\":\"2022-01-12T19:41:56+00:00\",\"breadcrumb\":{\"@id\":\"https:\\\/\\\/www.maresbroker.com\\\/ca\\\/politica-de-privacitat\\\/#breadcrumb\"},\"inLanguage\":\"ca\",\"potentialAction\":[{\"@type\":\"ReadAction\",\"target\":[\"https:\\\/\\\/www.maresbroker.com\\\/ca\\\/politica-de-privacitat\\\/\"]}]},{\"@type\":\"BreadcrumbList\",\"@id\":\"https:\\\/\\\/www.maresbroker.com\\\/ca\\\/politica-de-privacitat\\\/#breadcrumb\",\"itemListElement\":[{\"@type\":\"ListItem\",\"position\":1,\"name\":\"Portada\",\"item\":\"https:\\\/\\\/www.maresbroker.com\\\/ca\\\/inici\\\/\"},{\"@type\":\"ListItem\",\"position\":2,\"name\":\"Pol\u00edtica de privacitat\"}]},{\"@type\":\"WebSite\",\"@id\":\"https:\\\/\\\/www.maresbroker.com\\\/ca\\\/#website\",\"url\":\"https:\\\/\\\/www.maresbroker.com\\\/ca\\\/\",\"name\":\"Maresbroker\",\"description\":\"\",\"potentialAction\":[{\"@type\":\"SearchAction\",\"target\":{\"@type\":\"EntryPoint\",\"urlTemplate\":\"https:\\\/\\\/www.maresbroker.com\\\/ca\\\/?s={search_term_string}\"},\"query-input\":{\"@type\":\"PropertyValueSpecification\",\"valueRequired\":true,\"valueName\":\"search_term_string\"}}],\"inLanguage\":\"ca\"}]}<\/script>\n<!-- \/ Yoast SEO plugin. -->","yoast_head_json":{"title":"Pol\u00edtica de privacitat - Maresbroker","robots":{"index":"index","follow":"follow","max-snippet":"max-snippet:-1","max-image-preview":"max-image-preview:large","max-video-preview":"max-video-preview:-1"},"canonical":"https:\/\/www.maresbroker.com\/ca\/politica-de-privacitat\/","og_locale":"ca_ES","og_type":"article","og_title":"Pol\u00edtica de privacitat - Maresbroker","og_url":"https:\/\/www.maresbroker.com\/ca\/politica-de-privacitat\/","og_site_name":"Maresbroker","article_modified_time":"2022-01-12T19:41:56+00:00","twitter_card":"summary_large_image","twitter_misc":{"Temps estimat de lectura":"5 minuts"},"schema":{"@context":"https:\/\/schema.org","@graph":[{"@type":"WebPage","@id":"https:\/\/www.maresbroker.com\/ca\/politica-de-privacitat\/","url":"https:\/\/www.maresbroker.com\/ca\/politica-de-privacitat\/","name":"Pol\u00edtica de privacitat - Maresbroker","isPartOf":{"@id":"https:\/\/www.maresbroker.com\/ca\/#website"},"datePublished":"2020-05-26T19:45:21+00:00","dateModified":"2022-01-12T19:41:56+00:00","breadcrumb":{"@id":"https:\/\/www.maresbroker.com\/ca\/politica-de-privacitat\/#breadcrumb"},"inLanguage":"ca","potentialAction":[{"@type":"ReadAction","target":["https:\/\/www.maresbroker.com\/ca\/politica-de-privacitat\/"]}]},{"@type":"BreadcrumbList","@id":"https:\/\/www.maresbroker.com\/ca\/politica-de-privacitat\/#breadcrumb","itemListElement":[{"@type":"ListItem","position":1,"name":"Portada","item":"https:\/\/www.maresbroker.com\/ca\/inici\/"},{"@type":"ListItem","position":2,"name":"Pol\u00edtica de privacitat"}]},{"@type":"WebSite","@id":"https:\/\/www.maresbroker.com\/ca\/#website","url":"https:\/\/www.maresbroker.com\/ca\/","name":"Maresbroker","description":"","potentialAction":[{"@type":"SearchAction","target":{"@type":"EntryPoint","urlTemplate":"https:\/\/www.maresbroker.com\/ca\/?s={search_term_string}"},"query-input":{"@type":"PropertyValueSpecification","valueRequired":true,"valueName":"search_term_string"}}],"inLanguage":"ca"}]}},"_links":{"self":[{"href":"https:\/\/www.maresbroker.com\/ca\/wp-json\/wp\/v2\/pages\/20735","targetHints":{"allow":["GET"]}}],"collection":[{"href":"https:\/\/www.maresbroker.com\/ca\/wp-json\/wp\/v2\/pages"}],"about":[{"href":"https:\/\/www.maresbroker.com\/ca\/wp-json\/wp\/v2\/types\/page"}],"author":[{"embeddable":true,"href":"https:\/\/www.maresbroker.com\/ca\/wp-json\/wp\/v2\/users\/1"}],"replies":[{"embeddable":true,"href":"https:\/\/www.maresbroker.com\/ca\/wp-json\/wp\/v2\/comments?post=20735"}],"version-history":[{"count":0,"href":"https:\/\/www.maresbroker.com\/ca\/wp-json\/wp\/v2\/pages\/20735\/revisions"}],"wp:attachment":[{"href":"https:\/\/www.maresbroker.com\/ca\/wp-json\/wp\/v2\/media?parent=20735"}],"curies":[{"name":"wp","href":"https:\/\/api.w.org\/{rel}","templated":true}]}}