{"id":4867,"date":"2018-01-10T11:55:50","date_gmt":"2018-01-10T10:55:50","guid":{"rendered":"http:\/\/www.maresbroker.com\/?page_id=4867"},"modified":"2025-05-21T09:25:45","modified_gmt":"2025-05-21T08:25:45","slug":"vida","status":"publish","type":"page","link":"https:\/\/www.maresbroker.com\/ca\/vida\/","title":{"rendered":"Vida"},"content":{"rendered":"<div class='flex_column_table av-beeer7-af07d5274134712ae07fc8b51a249d83 sc-av_one_half av-equal-height-column-flextable'>\n<style type=\"text\/css\" data-created_by=\"avia_inline_auto\" id=\"style-css-av-beeer7-af07d5274134712ae07fc8b51a249d83\">\n.flex_column.av-beeer7-af07d5274134712ae07fc8b51a249d83{\nborder-radius:0px 0px 0px 0px;\npadding:0px 0px 0px 0px;\n}\n<\/style>\n<div  class='flex_column av-beeer7-af07d5274134712ae07fc8b51a249d83 av_one_half  avia-builder-el-0  el_before_av_one_half  avia-builder-el-first  first flex_column_table_cell av-equal-height-column av-align-middle av-zero-column-padding  '     ><section  class='av_textblock_section av-9cb0ir-0f346d181a94c716a5ba836ff316d5e4 '   itemscope=\"itemscope\" itemtype=\"https:\/\/schema.org\/CreativeWork\" ><div class='avia_textblock'  itemprop=\"text\" ><h3>Amb el nostre assessorament podr\u00e0s garantir el futur econ\u00f2mic de la teva fam\u00edlia, passi el que passi.<\/h3>\n<blockquote>\n<p><strong>Protegir el futur de les persones que m\u00e9s estimes \u00e9s possible<\/strong> amb una asseguran\u00e7a de vida i invalidesa.<br \/>\nEls nostres experts t&#8217;oferiran l&#8217;orientaci\u00f3 que necessites per a garantir el benestar econ\u00f2mic de la teva fam\u00edlia i protegir els seus plans de futur: estudis, compra d&#8217;habitatge\u2026<\/p>\n<\/blockquote>\n<\/div><\/section><br \/>\n<div  class='hr av-4eb9ib-21b6658182d8b6d8d6b84a68b3e2e237 hr-default  avia-builder-el-2  el_after_av_textblock  el_before_av_button '><span class='hr-inner '><span class=\"hr-inner-style\"><\/span><\/span><\/div><br \/>\n<div  class='avia-button-wrap av-26yeab-b676571c167a712a0378595b7cc4a02d-wrap avia-button-center  avia-builder-el-3  el_after_av_hr  avia-builder-el-last '><a href='https:\/\/www.maresbroker.com\/ca\/contacte\/'  class='avia-button av-26yeab-b676571c167a712a0378595b7cc4a02d av-link-btn avia-icon_select-no avia-size-x-large avia-position-center avia-color-theme-color'   aria-label=\"M\u00e9s informaci\u00f3\"><span class='avia_iconbox_title' >M\u00e9s informaci\u00f3<\/span><\/a><\/div><\/p><\/div><div class='av-flex-placeholder'><\/div>\n<style type=\"text\/css\" data-created_by=\"avia_inline_auto\" id=\"style-css-av-73bmtf-24ea4636a0fa747694a36b0c2206085d\">\n.flex_column.av-73bmtf-24ea4636a0fa747694a36b0c2206085d{\nborder-radius:0px 0px 0px 0px;\npadding:0px 0px 0px 0px;\n}\n<\/style>\n<div  class='flex_column av-73bmtf-24ea4636a0fa747694a36b0c2206085d av_one_half  avia-builder-el-4  el_after_av_one_half  avia-builder-el-last  flex_column_table_cell av-equal-height-column av-align-middle av-zero-column-padding  '     ><style type=\"text\/css\" data-created_by=\"avia_inline_auto\" id=\"style-css-av-6hwvwj-35936b4be7738fc025ad9dbf73021de9\">\n.avia-image-container.av-6hwvwj-35936b4be7738fc025ad9dbf73021de9 img.avia_image{\nbox-shadow:none;\n}\n.avia-image-container.av-6hwvwj-35936b4be7738fc025ad9dbf73021de9 .av-image-caption-overlay-center{\ncolor:#ffffff;\n}\n<\/style>\n<div  class='avia-image-container av-6hwvwj-35936b4be7738fc025ad9dbf73021de9 av-styling- avia-align-right  avia-builder-el-5  avia-builder-el-no-sibling '   itemprop=\"image\" itemscope=\"itemscope\" itemtype=\"https:\/\/schema.org\/ImageObject\" ><div class=\"avia-image-container-inner\"><div class=\"avia-image-overlay-wrap\"><img decoding=\"async\" fetchpriority=\"high\" class='wp-image-20366 avia-img-lazy-loading-not-20366 avia_image ' src=\"https:\/\/www.maresbroker.com\/wp-content\/uploads\/2020\/03\/Vida-scaled.jpg\" alt='' title=''  height=\"1707\" width=\"2560\"  itemprop=\"thumbnailUrl\" srcset=\"https:\/\/www.maresbroker.com\/wp-content\/uploads\/2020\/03\/Vida-scaled.jpg 2560w, https:\/\/www.maresbroker.com\/wp-content\/uploads\/2020\/03\/Vida-300x200.jpg 300w, https:\/\/www.maresbroker.com\/wp-content\/uploads\/2020\/03\/Vida-1030x687.jpg 1030w, https:\/\/www.maresbroker.com\/wp-content\/uploads\/2020\/03\/Vida-768x512.jpg 768w, https:\/\/www.maresbroker.com\/wp-content\/uploads\/2020\/03\/Vida-1536x1024.jpg 1536w, https:\/\/www.maresbroker.com\/wp-content\/uploads\/2020\/03\/Vida-2048x1365.jpg 2048w, https:\/\/www.maresbroker.com\/wp-content\/uploads\/2020\/03\/Vida-1500x1000.jpg 1500w, https:\/\/www.maresbroker.com\/wp-content\/uploads\/2020\/03\/Vida-705x470.jpg 705w, https:\/\/www.maresbroker.com\/wp-content\/uploads\/2020\/03\/Vida-450x300.jpg 450w\" sizes=\"(max-width: 2560px) 100vw, 2560px\" \/><\/div><\/div><\/div><\/div><\/div><!--close column table wrapper. Autoclose: 1 --><\/p>\n","protected":false},"excerpt":{"rendered":"","protected":false},"author":1,"featured_media":0,"parent":0,"menu_order":0,"comment_status":"closed","ping_status":"closed","template":"","meta":{"footnotes":""},"class_list":["post-4867","page","type-page","status-publish","hentry"],"yoast_head":"<!-- This site is optimized with the Yoast SEO plugin v27.3 - https:\/\/yoast.com\/product\/yoast-seo-wordpress\/ -->\n<title>Vida - Maresbroker<\/title>\n<meta name=\"robots\" content=\"index, follow, max-snippet:-1, max-image-preview:large, max-video-preview:-1\" \/>\n<link rel=\"canonical\" href=\"https:\/\/www.maresbroker.com\/ca\/vida\/\" \/>\n<meta property=\"og:locale\" content=\"ca_ES\" \/>\n<meta property=\"og:type\" content=\"article\" \/>\n<meta property=\"og:title\" content=\"Vida - Maresbroker\" \/>\n<meta property=\"og:url\" content=\"https:\/\/www.maresbroker.com\/ca\/vida\/\" \/>\n<meta property=\"og:site_name\" content=\"Maresbroker\" \/>\n<meta property=\"article:modified_time\" content=\"2025-05-21T08:25:45+00:00\" \/>\n<meta name=\"twitter:card\" content=\"summary_large_image\" \/>\n<meta name=\"twitter:label1\" content=\"Temps estimat de lectura\" \/>\n\t<meta name=\"twitter:data1\" content=\"1 minut\" \/>\n<script type=\"application\/ld+json\" class=\"yoast-schema-graph\">{\"@context\":\"https:\\\/\\\/schema.org\",\"@graph\":[{\"@type\":\"WebPage\",\"@id\":\"https:\\\/\\\/www.maresbroker.com\\\/ca\\\/vida\\\/\",\"url\":\"https:\\\/\\\/www.maresbroker.com\\\/ca\\\/vida\\\/\",\"name\":\"Vida - Maresbroker\",\"isPartOf\":{\"@id\":\"https:\\\/\\\/www.maresbroker.com\\\/ca\\\/#website\"},\"datePublished\":\"2018-01-10T10:55:50+00:00\",\"dateModified\":\"2025-05-21T08:25:45+00:00\",\"breadcrumb\":{\"@id\":\"https:\\\/\\\/www.maresbroker.com\\\/ca\\\/vida\\\/#breadcrumb\"},\"inLanguage\":\"ca\",\"potentialAction\":[{\"@type\":\"ReadAction\",\"target\":[\"https:\\\/\\\/www.maresbroker.com\\\/ca\\\/vida\\\/\"]}]},{\"@type\":\"BreadcrumbList\",\"@id\":\"https:\\\/\\\/www.maresbroker.com\\\/ca\\\/vida\\\/#breadcrumb\",\"itemListElement\":[{\"@type\":\"ListItem\",\"position\":1,\"name\":\"Portada\",\"item\":\"https:\\\/\\\/www.maresbroker.com\\\/ca\\\/inici\\\/\"},{\"@type\":\"ListItem\",\"position\":2,\"name\":\"Vida\"}]},{\"@type\":\"WebSite\",\"@id\":\"https:\\\/\\\/www.maresbroker.com\\\/ca\\\/#website\",\"url\":\"https:\\\/\\\/www.maresbroker.com\\\/ca\\\/\",\"name\":\"Maresbroker\",\"description\":\"\",\"potentialAction\":[{\"@type\":\"SearchAction\",\"target\":{\"@type\":\"EntryPoint\",\"urlTemplate\":\"https:\\\/\\\/www.maresbroker.com\\\/ca\\\/?s={search_term_string}\"},\"query-input\":{\"@type\":\"PropertyValueSpecification\",\"valueRequired\":true,\"valueName\":\"search_term_string\"}}],\"inLanguage\":\"ca\"}]}<\/script>\n<!-- \/ Yoast SEO plugin. -->","yoast_head_json":{"title":"Vida - Maresbroker","robots":{"index":"index","follow":"follow","max-snippet":"max-snippet:-1","max-image-preview":"max-image-preview:large","max-video-preview":"max-video-preview:-1"},"canonical":"https:\/\/www.maresbroker.com\/ca\/vida\/","og_locale":"ca_ES","og_type":"article","og_title":"Vida - Maresbroker","og_url":"https:\/\/www.maresbroker.com\/ca\/vida\/","og_site_name":"Maresbroker","article_modified_time":"2025-05-21T08:25:45+00:00","twitter_card":"summary_large_image","twitter_misc":{"Temps estimat de lectura":"1 minut"},"schema":{"@context":"https:\/\/schema.org","@graph":[{"@type":"WebPage","@id":"https:\/\/www.maresbroker.com\/ca\/vida\/","url":"https:\/\/www.maresbroker.com\/ca\/vida\/","name":"Vida - Maresbroker","isPartOf":{"@id":"https:\/\/www.maresbroker.com\/ca\/#website"},"datePublished":"2018-01-10T10:55:50+00:00","dateModified":"2025-05-21T08:25:45+00:00","breadcrumb":{"@id":"https:\/\/www.maresbroker.com\/ca\/vida\/#breadcrumb"},"inLanguage":"ca","potentialAction":[{"@type":"ReadAction","target":["https:\/\/www.maresbroker.com\/ca\/vida\/"]}]},{"@type":"BreadcrumbList","@id":"https:\/\/www.maresbroker.com\/ca\/vida\/#breadcrumb","itemListElement":[{"@type":"ListItem","position":1,"name":"Portada","item":"https:\/\/www.maresbroker.com\/ca\/inici\/"},{"@type":"ListItem","position":2,"name":"Vida"}]},{"@type":"WebSite","@id":"https:\/\/www.maresbroker.com\/ca\/#website","url":"https:\/\/www.maresbroker.com\/ca\/","name":"Maresbroker","description":"","potentialAction":[{"@type":"SearchAction","target":{"@type":"EntryPoint","urlTemplate":"https:\/\/www.maresbroker.com\/ca\/?s={search_term_string}"},"query-input":{"@type":"PropertyValueSpecification","valueRequired":true,"valueName":"search_term_string"}}],"inLanguage":"ca"}]}},"_links":{"self":[{"href":"https:\/\/www.maresbroker.com\/ca\/wp-json\/wp\/v2\/pages\/4867","targetHints":{"allow":["GET"]}}],"collection":[{"href":"https:\/\/www.maresbroker.com\/ca\/wp-json\/wp\/v2\/pages"}],"about":[{"href":"https:\/\/www.maresbroker.com\/ca\/wp-json\/wp\/v2\/types\/page"}],"author":[{"embeddable":true,"href":"https:\/\/www.maresbroker.com\/ca\/wp-json\/wp\/v2\/users\/1"}],"replies":[{"embeddable":true,"href":"https:\/\/www.maresbroker.com\/ca\/wp-json\/wp\/v2\/comments?post=4867"}],"version-history":[{"count":2,"href":"https:\/\/www.maresbroker.com\/ca\/wp-json\/wp\/v2\/pages\/4867\/revisions"}],"predecessor-version":[{"id":20952,"href":"https:\/\/www.maresbroker.com\/ca\/wp-json\/wp\/v2\/pages\/4867\/revisions\/20952"}],"wp:attachment":[{"href":"https:\/\/www.maresbroker.com\/ca\/wp-json\/wp\/v2\/media?parent=4867"}],"curies":[{"name":"wp","href":"https:\/\/api.w.org\/{rel}","templated":true}]}}